{"id":50,"date":"2018-04-21T16:44:10","date_gmt":"2018-04-21T14:44:10","guid":{"rendered":"http:\/\/cryanim.vetagro-sup.fr\/?page_id=50"},"modified":"2019-05-27T22:46:26","modified_gmt":"2019-05-27T20:46:26","slug":"mise-a-disposition","status":"publish","type":"page","link":"http:\/\/cryanim.vetagro-sup.fr\/index.php\/mise-a-disposition\/","title":{"rendered":"Mise \u00e0 disposition"},"content":{"rendered":"\t\t<div data-elementor-type=\"wp-post\" data-elementor-id=\"50\" class=\"elementor elementor-50\">\n\t\t\t\t\t\t<section class=\"elementor-section elementor-top-section elementor-element elementor-element-9aa6884 elementor-section-boxed elementor-section-height-default elementor-section-height-default\" data-id=\"9aa6884\" data-element_type=\"section\" data-e-type=\"section\">\n\t\t\t\t\t\t<div class=\"elementor-container elementor-column-gap-default\">\n\t\t\t\t\t<div class=\"elementor-column elementor-col-100 elementor-top-column elementor-element elementor-element-536e269\" data-id=\"536e269\" data-element_type=\"column\" data-e-type=\"column\">\n\t\t\t<div class=\"elementor-widget-wrap elementor-element-populated\">\n\t\t\t\t\t\t<div class=\"elementor-element elementor-element-3d268fe elementor-widget elementor-widget-heading\" data-id=\"3d268fe\" data-element_type=\"widget\" data-e-type=\"widget\" data-widget_type=\"heading.default\">\n\t\t\t\t\t<h2 class=\"elementor-heading-title elementor-size-default\">Formalisation de la demande de cession<\/h2>\t\t\t\t<\/div>\n\t\t\t\t<div class=\"elementor-element elementor-element-01d4374 elementor-widget elementor-widget-text-editor\" data-id=\"01d4374\" data-element_type=\"widget\" data-e-type=\"widget\" data-widget_type=\"text-editor.default\">\n\t\t\t\t\t\t\t\t\t<p>Le CRB CryAnim a pour vocation de\u00a0<strong>mettre \u00e0 disposition<\/strong>\u00a0de la communaut\u00e9 scientifique des \u00e9chantillons annot\u00e9s issus de nos collections th\u00e9matiques (ressources reproductives, canc\u00e9rologie, affections invalidantes,\u00a0&#8230;) ou d\u2019un montage personnalis\u00e9 lorsque la demande est sp\u00e9cifique. Notre \u00e9quipe vous accompagne \u00e0 chaque \u00e9tape de votre projet, de sa formalisation \u00e0 la livraison du produit final. N\u2019h\u00e9sitez pas \u00e0 nous contacter pour discuter, en toute confidentialit\u00e9, de vos projets.\u00a0<\/p>\t\t\t\t\t\t\t\t<\/div>\n\t\t\t\t<div class=\"elementor-element elementor-element-c06531f elementor-widget elementor-widget-text-editor\" data-id=\"c06531f\" data-element_type=\"widget\" data-e-type=\"widget\" data-widget_type=\"text-editor.default\">\n\t\t\t\t\t\t\t\t\t<p>La demande de cession fait l\u2019objet d\u2019un suivi et d\u2019un traitement informatique.\u00a0Les demandes de cessions sont saisies via un\u00a0<strong><a href=\"http:\/\/cryanim.vetagro-sup.fr\/index.php\/demande-de-mise-a-disposition-dune-collection\/\">formulaire sp\u00e9cifique<\/a><\/strong> et transmises au Directeur op\u00e9rationnel qui proc\u00e8de, en collaboration avec le Comit\u00e9 scientifique du CRB, \u00e0 l&rsquo;examen du dossier. Celui-ci comprend deux \u00e9tapes:<\/p><blockquote><p>Une <b>\u00e9tude de faisabilit\u00e9: <\/b>le CRB\u00a0<em>CryAnim<\/em>\u00a0d\u00e9termine s\u2019il poss\u00e8de les moyens techniques et les comp\u00e9tences n\u00e9cessaires \u00e0 la r\u00e9alisation de la demande.<\/p><p><span style=\"font-size: 15.3px;\">Une\u00a0<\/span><b style=\"font-size: 15.3px;\">estimation financi\u00e8re :<\/b><span style=\"font-size: 15.3px;\">\u00a0le CRB\u00a0<\/span><em style=\"font-size: 15.3px;\">CryAnim\u00a0<\/em><span style=\"font-size: 15.3px;\">d\u00e9termine le co\u00fbt des prestations qui lui sont demand\u00e9es. Le cas \u00e9ch\u00e9ant, une valorisation scientifique peut \u00eatre privil\u00e9gi\u00e9e au d\u00e9triment de la valorisation financi\u00e8re.<\/span><\/p><\/blockquote>\t\t\t\t\t\t\t\t<\/div>\n\t\t\t\t<div class=\"elementor-element elementor-element-dc644a3 elementor-widget elementor-widget-text-editor\" data-id=\"dc644a3\" data-element_type=\"widget\" data-e-type=\"widget\" data-widget_type=\"text-editor.default\">\n\t\t\t\t\t\t\t\t\t<p><span style=\"font-family: Roboto, sans-serif; font-size: 15.3px; font-style: normal; font-variant-ligatures: normal; font-variant-caps: normal; font-weight: 400;\">Une fois la demande de cession accept\u00e9e, les modalit\u00e9s de mise \u00e0 disposition et d\u2019utilisation des ressources biologiques sont pr\u00e9cis\u00e9es dans une\u00a0<\/span><span style=\"font-variant-ligatures: normal; font-variant-caps: normal; font-family: Roboto, sans-serif; font-size: 15.3px; font-style: normal; font-weight: 600;\">convention de mise \u00e0 disposition<\/span><span style=\"font-family: Roboto, sans-serif; font-size: 15.3px; font-style: normal; font-variant-ligatures: normal; font-variant-caps: normal; font-weight: 400;\">\u00a0sign\u00e9e des deux parties. Cette convention mentionne les accords de transfert du mat\u00e9riel biologique, c\u2019est \u00e0 dire les droits et obligations des deux parties concernant les ressources biologiques (notamment l\u2019obligation de citer le CRB\u00a0<\/span><em style=\"font-variant-ligatures: normal; font-variant-caps: normal; font-family: Roboto, sans-serif; font-size: 15.3px; font-weight: 400;\">CryAnim<\/em><span style=\"font-family: Roboto, sans-serif; font-size: 15.3px; font-style: normal; font-variant-ligatures: normal; font-variant-caps: normal; font-weight: 400;\">\u00a0&#8211; fournisseur &#8211; dans les publications des travaux issus de l\u2019utilisation des ressources).<\/span><\/p>\t\t\t\t\t\t\t\t<\/div>\n\t\t\t\t\t<\/div>\n\t\t<\/div>\n\t\t\t\t\t<\/div>\n\t\t<\/section>\n\t\t\t\t<section class=\"elementor-section elementor-top-section elementor-element elementor-element-79884a0 elementor-section-boxed elementor-section-height-default elementor-section-height-default\" data-id=\"79884a0\" data-element_type=\"section\" data-e-type=\"section\">\n\t\t\t\t\t\t<div class=\"elementor-container elementor-column-gap-default\">\n\t\t\t\t\t<div class=\"elementor-column elementor-col-100 elementor-top-column elementor-element elementor-element-7fb2700\" data-id=\"7fb2700\" data-element_type=\"column\" data-e-type=\"column\">\n\t\t\t<div class=\"elementor-widget-wrap elementor-element-populated\">\n\t\t\t\t\t\t<div class=\"elementor-element elementor-element-69e2c11 elementor-widget elementor-widget-heading\" data-id=\"69e2c11\" data-element_type=\"widget\" data-e-type=\"widget\" data-widget_type=\"heading.default\">\n\t\t\t\t\t<h2 class=\"elementor-heading-title elementor-size-default\">Conditionnement &amp; Transport des \u00e9chantillons<\/h2>\t\t\t\t<\/div>\n\t\t\t\t<div class=\"elementor-element elementor-element-963d660 elementor-widget elementor-widget-text-editor\" data-id=\"963d660\" data-element_type=\"widget\" data-e-type=\"widget\" data-widget_type=\"text-editor.default\">\n\t\t\t\t\t\t\t\t\t<p>Pour l\u2019exp\u00e9dition des \u00e9chantillons, les \u00e9quipes du CRB <em>CryAnim<\/em> pr\u00e9parent les colis selon les <b>recommandations internationales IATA<\/b>. Le transfert des \u00e9chantillons est r\u00e9alis\u00e9 par un\u00a0transporteur agr\u00e9\u00e9\u00a0au transport de mat\u00e9riel biologique, garantissant le\u00a0<b>maintien de la cha\u00eene du froid<\/b>.\u00a0<\/p>\t\t\t\t\t\t\t\t<\/div>\n\t\t\t\t<div class=\"elementor-element elementor-element-0898f45 elementor-widget elementor-widget-text-editor\" data-id=\"0898f45\" data-element_type=\"widget\" data-e-type=\"widget\" data-widget_type=\"text-editor.default\">\n\t\t\t\t\t\t\t\t\t<p><span style=\"font-family: Roboto, sans-serif; font-size: 15.3px; font-style: normal; font-variant-ligatures: normal; font-variant-caps: normal; font-weight: 400;\">Les ressources biologiques c\u00e9d\u00e9es sont accompagn\u00e9es d\u2019un\u00a0<\/span><span style=\"font-family: Roboto, sans-serif; font-size: 15.3px; font-style: normal; font-variant-ligatures: normal; font-variant-caps: normal; font-weight: 600;\">certificat de conformit\u00e9<\/span><span style=\"font-family: Roboto, sans-serif; font-size: 15.3px; font-style: normal; font-variant-ligatures: normal; font-variant-caps: normal; font-weight: 400;\">\u00a0qui atteste que les ressources sont conformes au cahier des charges \u00e9tabli et fournies avec l\u2019ensemble des donn\u00e9es associ\u00e9es list\u00e9es dans la demande de mise \u00e0 disposition.<\/span><\/p>\t\t\t\t\t\t\t\t<\/div>\n\t\t\t\t\t<\/div>\n\t\t<\/div>\n\t\t\t\t\t<\/div>\n\t\t<\/section>\n\t\t\t\t<\/div>\n\t\t","protected":false},"excerpt":{"rendered":"<p>Formalisation de la demande de cession Le CRB CryAnim a pour vocation de\u00a0mettre \u00e0 disposition\u00a0de la communaut\u00e9 scientifique des \u00e9chantillons annot\u00e9s issus de nos collections th\u00e9matiques (ressources reproductives, canc\u00e9rologie, affections invalidantes,\u00a0&#8230;) ou d\u2019un montage personnalis\u00e9 lorsque la demande est sp\u00e9cifique. Notre \u00e9quipe vous accompagne \u00e0 chaque \u00e9tape de votre projet, de sa formalisation \u00e0 la [&hellip;]<\/p>\n","protected":false},"author":1,"featured_media":0,"parent":0,"menu_order":0,"comment_status":"closed","ping_status":"closed","template":"","meta":{"ocean_post_layout":"","ocean_both_sidebars_style":"","ocean_both_sidebars_content_width":0,"ocean_both_sidebars_sidebars_width":0,"ocean_sidebar":"0","ocean_second_sidebar":"0","ocean_disable_margins":"enable","ocean_add_body_class":"","ocean_shortcode_before_top_bar":"","ocean_shortcode_after_top_bar":"","ocean_shortcode_before_header":"","ocean_shortcode_after_header":"","ocean_has_shortcode":"","ocean_shortcode_after_title":"","ocean_shortcode_before_footer_widgets":"","ocean_shortcode_after_footer_widgets":"","ocean_shortcode_before_footer_bottom":"","ocean_shortcode_after_footer_bottom":"","ocean_display_top_bar":"default","ocean_display_header":"default","ocean_header_style":"","ocean_center_header_left_menu":"0","ocean_custom_header_template":"0","ocean_custom_logo":0,"ocean_custom_retina_logo":0,"ocean_custom_logo_max_width":0,"ocean_custom_logo_tablet_max_width":0,"ocean_custom_logo_mobile_max_width":0,"ocean_custom_logo_max_height":0,"ocean_custom_logo_tablet_max_height":0,"ocean_custom_logo_mobile_max_height":0,"ocean_header_custom_menu":"0","ocean_menu_typo_font_family":"0","ocean_menu_typo_font_subset":"","ocean_menu_typo_font_size":0,"ocean_menu_typo_font_size_tablet":0,"ocean_menu_typo_font_size_mobile":0,"ocean_menu_typo_font_size_unit":"px","ocean_menu_typo_font_weight":"","ocean_menu_typo_font_weight_tablet":"","ocean_menu_typo_font_weight_mobile":"","ocean_menu_typo_transform":"","ocean_menu_typo_transform_tablet":"","ocean_menu_typo_transform_mobile":"","ocean_menu_typo_line_height":0,"ocean_menu_typo_line_height_tablet":0,"ocean_menu_typo_line_height_mobile":0,"ocean_menu_typo_line_height_unit":"","ocean_menu_typo_spacing":0,"ocean_menu_typo_spacing_tablet":0,"ocean_menu_typo_spacing_mobile":0,"ocean_menu_typo_spacing_unit":"","ocean_menu_link_color":"","ocean_menu_link_color_hover":"","ocean_menu_link_color_active":"","ocean_menu_link_background":"","ocean_menu_link_hover_background":"","ocean_menu_link_active_background":"","ocean_menu_social_links_bg":"","ocean_menu_social_hover_links_bg":"","ocean_menu_social_links_color":"","ocean_menu_social_hover_links_color":"","ocean_disable_title":"default","ocean_disable_heading":"default","ocean_post_title":"","ocean_post_subheading":"","ocean_post_title_style":"","ocean_post_title_background_color":"","ocean_post_title_background":0,"ocean_post_title_bg_image_position":"","ocean_post_title_bg_image_attachment":"","ocean_post_title_bg_image_repeat":"","ocean_post_title_bg_image_size":"","ocean_post_title_height":0,"ocean_post_title_bg_overlay":0.5,"ocean_post_title_bg_overlay_color":"","ocean_disable_breadcrumbs":"default","ocean_breadcrumbs_color":"","ocean_breadcrumbs_separator_color":"","ocean_breadcrumbs_links_color":"","ocean_breadcrumbs_links_hover_color":"","ocean_display_footer_widgets":"default","ocean_display_footer_bottom":"default","ocean_custom_footer_template":"0","footnotes":""},"class_list":["post-50","page","type-page","status-publish","hentry","entry"],"yoast_head":"<!-- This site is optimized with the Yoast SEO plugin v27.6 - https:\/\/yoast.com\/product\/yoast-seo-wordpress\/ -->\n<title>Mise \u00e0 disposition - CRB CryAnim<\/title>\n<meta name=\"robots\" content=\"index, follow, max-snippet:-1, max-image-preview:large, max-video-preview:-1\" \/>\n<link rel=\"canonical\" href=\"http:\/\/cryanim.vetagro-sup.fr\/index.php\/mise-a-disposition\/\" \/>\n<meta property=\"og:locale\" content=\"fr_FR\" \/>\n<meta property=\"og:type\" content=\"article\" \/>\n<meta property=\"og:title\" content=\"Mise \u00e0 disposition - CRB CryAnim\" \/>\n<meta property=\"og:description\" content=\"Formalisation de la demande de cession Le CRB CryAnim a pour vocation de\u00a0mettre \u00e0 disposition\u00a0de la communaut\u00e9 scientifique des \u00e9chantillons annot\u00e9s issus de nos collections th\u00e9matiques (ressources reproductives, canc\u00e9rologie, affections invalidantes,\u00a0&#8230;) ou d\u2019un montage personnalis\u00e9 lorsque la demande est sp\u00e9cifique. Notre \u00e9quipe vous accompagne \u00e0 chaque \u00e9tape de votre projet, de sa formalisation \u00e0 la [&hellip;]\" \/>\n<meta property=\"og:url\" content=\"http:\/\/cryanim.vetagro-sup.fr\/index.php\/mise-a-disposition\/\" \/>\n<meta property=\"og:site_name\" content=\"CRB CryAnim\" \/>\n<meta property=\"article:publisher\" content=\"https:\/\/www.facebook.com\/VetAgroSup\/\" \/>\n<meta property=\"article:modified_time\" content=\"2019-05-27T20:46:26+00:00\" \/>\n<meta name=\"twitter:card\" content=\"summary_large_image\" \/>\n<meta name=\"twitter:label1\" content=\"Dur\u00e9e de lecture estim\u00e9e\" \/>\n\t<meta name=\"twitter:data1\" content=\"2 minutes\" \/>\n<script type=\"application\/ld+json\" class=\"yoast-schema-graph\">{\"@context\":\"https:\\\/\\\/schema.org\",\"@graph\":[{\"@type\":\"WebPage\",\"@id\":\"http:\\\/\\\/cryanim.vetagro-sup.fr\\\/index.php\\\/mise-a-disposition\\\/\",\"url\":\"http:\\\/\\\/cryanim.vetagro-sup.fr\\\/index.php\\\/mise-a-disposition\\\/\",\"name\":\"Mise \u00e0 disposition - CRB CryAnim\",\"isPartOf\":{\"@id\":\"http:\\\/\\\/cryanim.vetagro-sup.fr\\\/#website\"},\"datePublished\":\"2018-04-21T14:44:10+00:00\",\"dateModified\":\"2019-05-27T20:46:26+00:00\",\"breadcrumb\":{\"@id\":\"http:\\\/\\\/cryanim.vetagro-sup.fr\\\/index.php\\\/mise-a-disposition\\\/#breadcrumb\"},\"inLanguage\":\"fr-FR\",\"potentialAction\":[{\"@type\":\"ReadAction\",\"target\":[\"http:\\\/\\\/cryanim.vetagro-sup.fr\\\/index.php\\\/mise-a-disposition\\\/\"]}]},{\"@type\":\"BreadcrumbList\",\"@id\":\"http:\\\/\\\/cryanim.vetagro-sup.fr\\\/index.php\\\/mise-a-disposition\\\/#breadcrumb\",\"itemListElement\":[{\"@type\":\"ListItem\",\"position\":1,\"name\":\"Accueil\",\"item\":\"http:\\\/\\\/cryanim.vetagro-sup.fr\\\/\"},{\"@type\":\"ListItem\",\"position\":2,\"name\":\"Mise \u00e0 disposition\"}]},{\"@type\":\"WebSite\",\"@id\":\"http:\\\/\\\/cryanim.vetagro-sup.fr\\\/#website\",\"url\":\"http:\\\/\\\/cryanim.vetagro-sup.fr\\\/\",\"name\":\"CRB CryAnim\",\"description\":\"Conservons d\u00e8s aujourd\u2019hui les ressources de notre avenir\",\"publisher\":{\"@id\":\"http:\\\/\\\/cryanim.vetagro-sup.fr\\\/#organization\"},\"potentialAction\":[{\"@type\":\"SearchAction\",\"target\":{\"@type\":\"EntryPoint\",\"urlTemplate\":\"http:\\\/\\\/cryanim.vetagro-sup.fr\\\/?s={search_term_string}\"},\"query-input\":{\"@type\":\"PropertyValueSpecification\",\"valueRequired\":true,\"valueName\":\"search_term_string\"}}],\"inLanguage\":\"fr-FR\"},{\"@type\":\"Organization\",\"@id\":\"http:\\\/\\\/cryanim.vetagro-sup.fr\\\/#organization\",\"name\":\"CRB CryAnim\",\"url\":\"http:\\\/\\\/cryanim.vetagro-sup.fr\\\/\",\"logo\":{\"@type\":\"ImageObject\",\"inLanguage\":\"fr-FR\",\"@id\":\"http:\\\/\\\/cryanim.vetagro-sup.fr\\\/#\\\/schema\\\/logo\\\/image\\\/\",\"url\":\"http:\\\/\\\/cryanim.vetagro-sup.fr\\\/wp-content\\\/uploads\\\/2019\\\/05\\\/Logo-CRB-fond-clair.png\",\"contentUrl\":\"http:\\\/\\\/cryanim.vetagro-sup.fr\\\/wp-content\\\/uploads\\\/2019\\\/05\\\/Logo-CRB-fond-clair.png\",\"width\":5756,\"height\":1689,\"caption\":\"CRB CryAnim\"},\"image\":{\"@id\":\"http:\\\/\\\/cryanim.vetagro-sup.fr\\\/#\\\/schema\\\/logo\\\/image\\\/\"},\"sameAs\":[\"https:\\\/\\\/www.facebook.com\\\/VetAgroSup\\\/\",\"https:\\\/\\\/www.linkedin.com\\\/school\\\/vetagrosup---campus-v-t-rinaire-de-lyon\\\/\"]}]}<\/script>\n<!-- \/ Yoast SEO plugin. -->","yoast_head_json":{"title":"Mise \u00e0 disposition - CRB CryAnim","robots":{"index":"index","follow":"follow","max-snippet":"max-snippet:-1","max-image-preview":"max-image-preview:large","max-video-preview":"max-video-preview:-1"},"canonical":"http:\/\/cryanim.vetagro-sup.fr\/index.php\/mise-a-disposition\/","og_locale":"fr_FR","og_type":"article","og_title":"Mise \u00e0 disposition - CRB CryAnim","og_description":"Formalisation de la demande de cession Le CRB CryAnim a pour vocation de\u00a0mettre \u00e0 disposition\u00a0de la communaut\u00e9 scientifique des \u00e9chantillons annot\u00e9s issus de nos collections th\u00e9matiques (ressources reproductives, canc\u00e9rologie, affections invalidantes,\u00a0&#8230;) ou d\u2019un montage personnalis\u00e9 lorsque la demande est sp\u00e9cifique. Notre \u00e9quipe vous accompagne \u00e0 chaque \u00e9tape de votre projet, de sa formalisation \u00e0 la [&hellip;]","og_url":"http:\/\/cryanim.vetagro-sup.fr\/index.php\/mise-a-disposition\/","og_site_name":"CRB CryAnim","article_publisher":"https:\/\/www.facebook.com\/VetAgroSup\/","article_modified_time":"2019-05-27T20:46:26+00:00","twitter_card":"summary_large_image","twitter_misc":{"Dur\u00e9e de lecture estim\u00e9e":"2 minutes"},"schema":{"@context":"https:\/\/schema.org","@graph":[{"@type":"WebPage","@id":"http:\/\/cryanim.vetagro-sup.fr\/index.php\/mise-a-disposition\/","url":"http:\/\/cryanim.vetagro-sup.fr\/index.php\/mise-a-disposition\/","name":"Mise \u00e0 disposition - CRB CryAnim","isPartOf":{"@id":"http:\/\/cryanim.vetagro-sup.fr\/#website"},"datePublished":"2018-04-21T14:44:10+00:00","dateModified":"2019-05-27T20:46:26+00:00","breadcrumb":{"@id":"http:\/\/cryanim.vetagro-sup.fr\/index.php\/mise-a-disposition\/#breadcrumb"},"inLanguage":"fr-FR","potentialAction":[{"@type":"ReadAction","target":["http:\/\/cryanim.vetagro-sup.fr\/index.php\/mise-a-disposition\/"]}]},{"@type":"BreadcrumbList","@id":"http:\/\/cryanim.vetagro-sup.fr\/index.php\/mise-a-disposition\/#breadcrumb","itemListElement":[{"@type":"ListItem","position":1,"name":"Accueil","item":"http:\/\/cryanim.vetagro-sup.fr\/"},{"@type":"ListItem","position":2,"name":"Mise \u00e0 disposition"}]},{"@type":"WebSite","@id":"http:\/\/cryanim.vetagro-sup.fr\/#website","url":"http:\/\/cryanim.vetagro-sup.fr\/","name":"CRB CryAnim","description":"Conservons d\u00e8s aujourd\u2019hui les ressources de notre avenir","publisher":{"@id":"http:\/\/cryanim.vetagro-sup.fr\/#organization"},"potentialAction":[{"@type":"SearchAction","target":{"@type":"EntryPoint","urlTemplate":"http:\/\/cryanim.vetagro-sup.fr\/?s={search_term_string}"},"query-input":{"@type":"PropertyValueSpecification","valueRequired":true,"valueName":"search_term_string"}}],"inLanguage":"fr-FR"},{"@type":"Organization","@id":"http:\/\/cryanim.vetagro-sup.fr\/#organization","name":"CRB CryAnim","url":"http:\/\/cryanim.vetagro-sup.fr\/","logo":{"@type":"ImageObject","inLanguage":"fr-FR","@id":"http:\/\/cryanim.vetagro-sup.fr\/#\/schema\/logo\/image\/","url":"http:\/\/cryanim.vetagro-sup.fr\/wp-content\/uploads\/2019\/05\/Logo-CRB-fond-clair.png","contentUrl":"http:\/\/cryanim.vetagro-sup.fr\/wp-content\/uploads\/2019\/05\/Logo-CRB-fond-clair.png","width":5756,"height":1689,"caption":"CRB CryAnim"},"image":{"@id":"http:\/\/cryanim.vetagro-sup.fr\/#\/schema\/logo\/image\/"},"sameAs":["https:\/\/www.facebook.com\/VetAgroSup\/","https:\/\/www.linkedin.com\/school\/vetagrosup---campus-v-t-rinaire-de-lyon\/"]}]}},"_links":{"self":[{"href":"http:\/\/cryanim.vetagro-sup.fr\/index.php\/wp-json\/wp\/v2\/pages\/50","targetHints":{"allow":["GET"]}}],"collection":[{"href":"http:\/\/cryanim.vetagro-sup.fr\/index.php\/wp-json\/wp\/v2\/pages"}],"about":[{"href":"http:\/\/cryanim.vetagro-sup.fr\/index.php\/wp-json\/wp\/v2\/types\/page"}],"author":[{"embeddable":true,"href":"http:\/\/cryanim.vetagro-sup.fr\/index.php\/wp-json\/wp\/v2\/users\/1"}],"replies":[{"embeddable":true,"href":"http:\/\/cryanim.vetagro-sup.fr\/index.php\/wp-json\/wp\/v2\/comments?post=50"}],"version-history":[{"count":8,"href":"http:\/\/cryanim.vetagro-sup.fr\/index.php\/wp-json\/wp\/v2\/pages\/50\/revisions"}],"predecessor-version":[{"id":440,"href":"http:\/\/cryanim.vetagro-sup.fr\/index.php\/wp-json\/wp\/v2\/pages\/50\/revisions\/440"}],"wp:attachment":[{"href":"http:\/\/cryanim.vetagro-sup.fr\/index.php\/wp-json\/wp\/v2\/media?parent=50"}],"curies":[{"name":"wp","href":"https:\/\/api.w.org\/{rel}","templated":true}]}}