{"id":48,"date":"2018-04-21T16:44:00","date_gmt":"2018-04-21T14:44:00","guid":{"rendered":"http:\/\/cryanim.vetagro-sup.fr\/?page_id=48"},"modified":"2023-07-05T21:29:48","modified_gmt":"2023-07-05T19:29:48","slug":"gestion-des-donnees","status":"publish","type":"page","link":"http:\/\/cryanim.vetagro-sup.fr\/index.php\/gestion-des-donnees\/","title":{"rendered":"Gestion des donn\u00e9es"},"content":{"rendered":"\t\t<div data-elementor-type=\"wp-post\" data-elementor-id=\"48\" class=\"elementor elementor-48\">\n\t\t\t\t\t\t<section class=\"elementor-section elementor-top-section elementor-element elementor-element-aa5a536 elementor-section-boxed elementor-section-height-default elementor-section-height-default\" data-id=\"aa5a536\" data-element_type=\"section\" data-e-type=\"section\">\n\t\t\t\t\t\t<div class=\"elementor-container elementor-column-gap-default\">\n\t\t\t\t\t<div class=\"elementor-column elementor-col-100 elementor-top-column elementor-element elementor-element-8871679\" data-id=\"8871679\" data-element_type=\"column\" data-e-type=\"column\">\n\t\t\t<div class=\"elementor-widget-wrap elementor-element-populated\">\n\t\t\t\t\t\t<div class=\"elementor-element elementor-element-d7a594d elementor-widget elementor-widget-heading\" data-id=\"d7a594d\" data-element_type=\"widget\" data-e-type=\"widget\" data-widget_type=\"heading.default\">\n\t\t\t\t\t<h2 class=\"elementor-heading-title elementor-size-default\">La tra\u00e7abilit\u00e9 des \u00e9chantillons<\/h2>\t\t\t\t<\/div>\n\t\t\t\t<div class=\"elementor-element elementor-element-42ba36c elementor-widget elementor-widget-text-editor\" data-id=\"42ba36c\" data-element_type=\"widget\" data-e-type=\"widget\" data-widget_type=\"text-editor.default\">\n\t\t\t\t\t\t\t\t\t<p><span style=\"font-size: 15.3px;\">La gestion informatis\u00e9e des patients inclus, des pr\u00e9l\u00e8vements, des \u00e9chantillons, de leurs d\u00e9riv\u00e9s et de tous leurs aliquotes est assur\u00e9e sur un serveur d\u00e9di\u00e9, s\u00e9curis\u00e9 par mot de passe et dont la base est sauvegard\u00e9e quotidiennement.\u00a0Il int\u00e8gre tous les \u00e9l\u00e9ments de provenance, de pr\u00e9paration, de conservation, et des \u00e9ventuelles destinations.<\/span><\/p><blockquote><p><span style=\"font-size: 15.3px;\">Le CRB\u00a0<i>CryAnim <\/i>conserve ainsi les \u00e9l\u00e9ments d\u2019information sur la provenance des ressources biologiques au travers des fiches de vie des \u00e9chantillons et des dossiers patients dans le cadre des prestations. Tous les documents accompagnant une ressource, notamment ceux qui concernent l\u2019identification de l\u2019animal dont est issue la ressource et la certification du statut sanitaire, sont conserv\u00e9s dans le dossier patient (CHUV, CERREC, Station de Monte) sinon avec les fiches de vies \u00e9chantillons class\u00e9es par unit\u00e9 de stockage. La plupart des ressources entrant en banque sont toutefois directement issues des activit\u00e9s cliniques de l\u2019\u00e9tablissement et les donn\u00e9es associ\u00e9es sont conserv\u00e9es sous forme d\u00e9mat\u00e9rialis\u00e9e dans la base de donn\u00e9es du CHUV (Clovis\u00ae)\u00a0; seules les donn\u00e9es essentielles \u00e0 la caract\u00e9risation de la ressource biologique et son rattachement \u00e0 une collection sont reprises dans la fiche de vie de l\u2019\u00e9chantillon.<\/span><\/p><\/blockquote><p>L\u2019exploitation des donn\u00e9es nominatives relatives aux propri\u00e9taires des animaux dont sont extraites les ressources conserv\u00e9es au CRB <i>CryAnim<\/i> a fait l\u2019objet d\u2019une d\u00e9claration aupr\u00e8s de la CNIL et est conforme avec le r\u00e8glement europ\u00e9en sur la protection des donn\u00e9es personnelles (RGPD).<\/p>\t\t\t\t\t\t\t\t<\/div>\n\t\t\t\t\t<\/div>\n\t\t<\/div>\n\t\t\t\t\t<\/div>\n\t\t<\/section>\n\t\t\t\t<section class=\"elementor-section elementor-top-section elementor-element elementor-element-12c4b4f elementor-section-boxed elementor-section-height-default elementor-section-height-default\" data-id=\"12c4b4f\" data-element_type=\"section\" data-e-type=\"section\">\n\t\t\t\t\t\t<div class=\"elementor-container elementor-column-gap-default\">\n\t\t\t\t\t<div class=\"elementor-column elementor-col-100 elementor-top-column elementor-element elementor-element-15fdc61\" data-id=\"15fdc61\" data-element_type=\"column\" data-e-type=\"column\">\n\t\t\t<div class=\"elementor-widget-wrap elementor-element-populated\">\n\t\t\t\t\t\t<div class=\"elementor-element elementor-element-cddba79 elementor-widget elementor-widget-counter\" data-id=\"cddba79\" data-element_type=\"widget\" data-e-type=\"widget\" data-widget_type=\"counter.default\">\n\t\t\t\t\t\t\t<div class=\"elementor-counter\">\n\t\t\t<div class=\"elementor-counter-title\">Echantillons conserv\u00e9s<\/div>\t\t\t<div class=\"elementor-counter-number-wrapper\">\n\t\t\t\t<span class=\"elementor-counter-number-prefix\"><\/span>\n\t\t\t\t<span class=\"elementor-counter-number\" data-duration=\"2000\" data-to-value=\"97150\" data-from-value=\"0\" data-delimiter=\" \">0<\/span>\n\t\t\t\t<span class=\"elementor-counter-number-suffix\"><\/span>\n\t\t\t<\/div>\n\t\t<\/div>\n\t\t\t\t\t\t<\/div>\n\t\t\t\t\t<\/div>\n\t\t<\/div>\n\t\t\t\t\t<\/div>\n\t\t<\/section>\n\t\t\t\t<section class=\"elementor-section elementor-top-section elementor-element elementor-element-67be572 elementor-section-boxed elementor-section-height-default elementor-section-height-default\" data-id=\"67be572\" data-element_type=\"section\" data-e-type=\"section\">\n\t\t\t\t\t\t<div class=\"elementor-container elementor-column-gap-default\">\n\t\t\t\t\t<div class=\"elementor-column elementor-col-100 elementor-top-column elementor-element elementor-element-4f956b7\" data-id=\"4f956b7\" data-element_type=\"column\" data-e-type=\"column\">\n\t\t\t<div class=\"elementor-widget-wrap elementor-element-populated\">\n\t\t\t\t\t\t<div class=\"elementor-element elementor-element-3c8da22 elementor-widget elementor-widget-text-editor\" data-id=\"3c8da22\" data-element_type=\"widget\" data-e-type=\"widget\" data-widget_type=\"text-editor.default\">\n\t\t\t\t\t\t\t\t\t<p>Le catalogue simplifi\u00e9 des ressources biologiques du CRB CryAnim est accessible via la page \u00ab\u00a0<a href=\"http:\/\/cryanim.vetagro-sup.fr\/index.php\/catalogue\/\"><strong>Catalogue<\/strong><\/a>\u00a0\u00bb de ce site. Si des informations plus pr\u00e9cises sont n\u00e9cessaires, le Directeur op\u00e9rationnel ou les Gestionnaires de collections se tiennent \u00e0 disposition pour toute question. Les ressources du CRB <em>CryAnim<\/em> sont \u00e9galement accessibles via le portail web commun aux CRB de l\u2019Infrastructure CRB-Anim :\u00a0<a href=\"https:\/\/crb-anim-prod.jouy.inra.fr\/access-to-collection\/#\/\">https:\/\/crb-anim-prod.jouy.inra.fr\/access-to-collection\/#\/<\/a><\/p>\t\t\t\t\t\t\t\t<\/div>\n\t\t\t\t\t<\/div>\n\t\t<\/div>\n\t\t\t\t\t<\/div>\n\t\t<\/section>\n\t\t\t\t<\/div>\n\t\t","protected":false},"excerpt":{"rendered":"<p>La tra\u00e7abilit\u00e9 des \u00e9chantillons La gestion informatis\u00e9e des patients inclus, des pr\u00e9l\u00e8vements, des \u00e9chantillons, de leurs d\u00e9riv\u00e9s et de tous leurs aliquotes est assur\u00e9e sur un serveur d\u00e9di\u00e9, s\u00e9curis\u00e9 par mot de passe et dont la base est sauvegard\u00e9e quotidiennement.\u00a0Il int\u00e8gre tous les \u00e9l\u00e9ments de provenance, de pr\u00e9paration, de conservation, et des \u00e9ventuelles destinations. Le [&hellip;]<\/p>\n","protected":false},"author":1,"featured_media":0,"parent":0,"menu_order":0,"comment_status":"closed","ping_status":"closed","template":"","meta":{"ocean_post_layout":"","ocean_both_sidebars_style":"","ocean_both_sidebars_content_width":0,"ocean_both_sidebars_sidebars_width":0,"ocean_sidebar":"0","ocean_second_sidebar":"0","ocean_disable_margins":"enable","ocean_add_body_class":"","ocean_shortcode_before_top_bar":"","ocean_shortcode_after_top_bar":"","ocean_shortcode_before_header":"","ocean_shortcode_after_header":"","ocean_has_shortcode":"","ocean_shortcode_after_title":"","ocean_shortcode_before_footer_widgets":"","ocean_shortcode_after_footer_widgets":"","ocean_shortcode_before_footer_bottom":"","ocean_shortcode_after_footer_bottom":"","ocean_display_top_bar":"default","ocean_display_header":"default","ocean_header_style":"","ocean_center_header_left_menu":"0","ocean_custom_header_template":"0","ocean_custom_logo":0,"ocean_custom_retina_logo":0,"ocean_custom_logo_max_width":0,"ocean_custom_logo_tablet_max_width":0,"ocean_custom_logo_mobile_max_width":0,"ocean_custom_logo_max_height":0,"ocean_custom_logo_tablet_max_height":0,"ocean_custom_logo_mobile_max_height":0,"ocean_header_custom_menu":"0","ocean_menu_typo_font_family":"0","ocean_menu_typo_font_subset":"","ocean_menu_typo_font_size":0,"ocean_menu_typo_font_size_tablet":0,"ocean_menu_typo_font_size_mobile":0,"ocean_menu_typo_font_size_unit":"px","ocean_menu_typo_font_weight":"","ocean_menu_typo_font_weight_tablet":"","ocean_menu_typo_font_weight_mobile":"","ocean_menu_typo_transform":"","ocean_menu_typo_transform_tablet":"","ocean_menu_typo_transform_mobile":"","ocean_menu_typo_line_height":0,"ocean_menu_typo_line_height_tablet":0,"ocean_menu_typo_line_height_mobile":0,"ocean_menu_typo_line_height_unit":"","ocean_menu_typo_spacing":0,"ocean_menu_typo_spacing_tablet":0,"ocean_menu_typo_spacing_mobile":0,"ocean_menu_typo_spacing_unit":"","ocean_menu_link_color":"","ocean_menu_link_color_hover":"","ocean_menu_link_color_active":"","ocean_menu_link_background":"","ocean_menu_link_hover_background":"","ocean_menu_link_active_background":"","ocean_menu_social_links_bg":"","ocean_menu_social_hover_links_bg":"","ocean_menu_social_links_color":"","ocean_menu_social_hover_links_color":"","ocean_disable_title":"default","ocean_disable_heading":"default","ocean_post_title":"","ocean_post_subheading":"","ocean_post_title_style":"","ocean_post_title_background_color":"","ocean_post_title_background":0,"ocean_post_title_bg_image_position":"","ocean_post_title_bg_image_attachment":"","ocean_post_title_bg_image_repeat":"","ocean_post_title_bg_image_size":"","ocean_post_title_height":0,"ocean_post_title_bg_overlay":0.5,"ocean_post_title_bg_overlay_color":"","ocean_disable_breadcrumbs":"default","ocean_breadcrumbs_color":"","ocean_breadcrumbs_separator_color":"","ocean_breadcrumbs_links_color":"","ocean_breadcrumbs_links_hover_color":"","ocean_display_footer_widgets":"default","ocean_display_footer_bottom":"default","ocean_custom_footer_template":"0","footnotes":""},"class_list":["post-48","page","type-page","status-publish","hentry","entry"],"yoast_head":"<!-- This site is optimized with the Yoast SEO plugin v27.4 - https:\/\/yoast.com\/product\/yoast-seo-wordpress\/ -->\n<title>Gestion des donn\u00e9es - CRB CryAnim<\/title>\n<meta name=\"robots\" content=\"index, follow, max-snippet:-1, max-image-preview:large, max-video-preview:-1\" \/>\n<link rel=\"canonical\" href=\"http:\/\/cryanim.vetagro-sup.fr\/index.php\/gestion-des-donnees\/\" \/>\n<meta property=\"og:locale\" content=\"fr_FR\" \/>\n<meta property=\"og:type\" content=\"article\" \/>\n<meta property=\"og:title\" content=\"Gestion des donn\u00e9es - CRB CryAnim\" \/>\n<meta property=\"og:description\" content=\"La tra\u00e7abilit\u00e9 des \u00e9chantillons La gestion informatis\u00e9e des patients inclus, des pr\u00e9l\u00e8vements, des \u00e9chantillons, de leurs d\u00e9riv\u00e9s et de tous leurs aliquotes est assur\u00e9e sur un serveur d\u00e9di\u00e9, s\u00e9curis\u00e9 par mot de passe et dont la base est sauvegard\u00e9e quotidiennement.\u00a0Il int\u00e8gre tous les \u00e9l\u00e9ments de provenance, de pr\u00e9paration, de conservation, et des \u00e9ventuelles destinations. Le [&hellip;]\" \/>\n<meta property=\"og:url\" content=\"http:\/\/cryanim.vetagro-sup.fr\/index.php\/gestion-des-donnees\/\" \/>\n<meta property=\"og:site_name\" content=\"CRB CryAnim\" \/>\n<meta property=\"article:publisher\" content=\"https:\/\/www.facebook.com\/VetAgroSup\/\" \/>\n<meta property=\"article:modified_time\" content=\"2023-07-05T19:29:48+00:00\" \/>\n<meta name=\"twitter:card\" content=\"summary_large_image\" \/>\n<meta name=\"twitter:label1\" content=\"Dur\u00e9e de lecture estim\u00e9e\" \/>\n\t<meta name=\"twitter:data1\" content=\"2 minutes\" \/>\n<script type=\"application\/ld+json\" class=\"yoast-schema-graph\">{\"@context\":\"https:\\\/\\\/schema.org\",\"@graph\":[{\"@type\":\"WebPage\",\"@id\":\"http:\\\/\\\/cryanim.vetagro-sup.fr\\\/index.php\\\/gestion-des-donnees\\\/\",\"url\":\"http:\\\/\\\/cryanim.vetagro-sup.fr\\\/index.php\\\/gestion-des-donnees\\\/\",\"name\":\"Gestion des donn\u00e9es - CRB CryAnim\",\"isPartOf\":{\"@id\":\"http:\\\/\\\/cryanim.vetagro-sup.fr\\\/#website\"},\"datePublished\":\"2018-04-21T14:44:00+00:00\",\"dateModified\":\"2023-07-05T19:29:48+00:00\",\"breadcrumb\":{\"@id\":\"http:\\\/\\\/cryanim.vetagro-sup.fr\\\/index.php\\\/gestion-des-donnees\\\/#breadcrumb\"},\"inLanguage\":\"fr-FR\",\"potentialAction\":[{\"@type\":\"ReadAction\",\"target\":[\"http:\\\/\\\/cryanim.vetagro-sup.fr\\\/index.php\\\/gestion-des-donnees\\\/\"]}]},{\"@type\":\"BreadcrumbList\",\"@id\":\"http:\\\/\\\/cryanim.vetagro-sup.fr\\\/index.php\\\/gestion-des-donnees\\\/#breadcrumb\",\"itemListElement\":[{\"@type\":\"ListItem\",\"position\":1,\"name\":\"Accueil\",\"item\":\"http:\\\/\\\/cryanim.vetagro-sup.fr\\\/\"},{\"@type\":\"ListItem\",\"position\":2,\"name\":\"Gestion des donn\u00e9es\"}]},{\"@type\":\"WebSite\",\"@id\":\"http:\\\/\\\/cryanim.vetagro-sup.fr\\\/#website\",\"url\":\"http:\\\/\\\/cryanim.vetagro-sup.fr\\\/\",\"name\":\"CRB CryAnim\",\"description\":\"Conservons d\u00e8s aujourd\u2019hui les ressources de notre avenir\",\"publisher\":{\"@id\":\"http:\\\/\\\/cryanim.vetagro-sup.fr\\\/#organization\"},\"potentialAction\":[{\"@type\":\"SearchAction\",\"target\":{\"@type\":\"EntryPoint\",\"urlTemplate\":\"http:\\\/\\\/cryanim.vetagro-sup.fr\\\/?s={search_term_string}\"},\"query-input\":{\"@type\":\"PropertyValueSpecification\",\"valueRequired\":true,\"valueName\":\"search_term_string\"}}],\"inLanguage\":\"fr-FR\"},{\"@type\":\"Organization\",\"@id\":\"http:\\\/\\\/cryanim.vetagro-sup.fr\\\/#organization\",\"name\":\"CRB CryAnim\",\"url\":\"http:\\\/\\\/cryanim.vetagro-sup.fr\\\/\",\"logo\":{\"@type\":\"ImageObject\",\"inLanguage\":\"fr-FR\",\"@id\":\"http:\\\/\\\/cryanim.vetagro-sup.fr\\\/#\\\/schema\\\/logo\\\/image\\\/\",\"url\":\"http:\\\/\\\/cryanim.vetagro-sup.fr\\\/wp-content\\\/uploads\\\/2019\\\/05\\\/Logo-CRB-fond-clair.png\",\"contentUrl\":\"http:\\\/\\\/cryanim.vetagro-sup.fr\\\/wp-content\\\/uploads\\\/2019\\\/05\\\/Logo-CRB-fond-clair.png\",\"width\":5756,\"height\":1689,\"caption\":\"CRB CryAnim\"},\"image\":{\"@id\":\"http:\\\/\\\/cryanim.vetagro-sup.fr\\\/#\\\/schema\\\/logo\\\/image\\\/\"},\"sameAs\":[\"https:\\\/\\\/www.facebook.com\\\/VetAgroSup\\\/\",\"https:\\\/\\\/www.linkedin.com\\\/school\\\/vetagrosup---campus-v-t-rinaire-de-lyon\\\/\"]}]}<\/script>\n<!-- \/ Yoast SEO plugin. -->","yoast_head_json":{"title":"Gestion des donn\u00e9es - CRB CryAnim","robots":{"index":"index","follow":"follow","max-snippet":"max-snippet:-1","max-image-preview":"max-image-preview:large","max-video-preview":"max-video-preview:-1"},"canonical":"http:\/\/cryanim.vetagro-sup.fr\/index.php\/gestion-des-donnees\/","og_locale":"fr_FR","og_type":"article","og_title":"Gestion des donn\u00e9es - CRB CryAnim","og_description":"La tra\u00e7abilit\u00e9 des \u00e9chantillons La gestion informatis\u00e9e des patients inclus, des pr\u00e9l\u00e8vements, des \u00e9chantillons, de leurs d\u00e9riv\u00e9s et de tous leurs aliquotes est assur\u00e9e sur un serveur d\u00e9di\u00e9, s\u00e9curis\u00e9 par mot de passe et dont la base est sauvegard\u00e9e quotidiennement.\u00a0Il int\u00e8gre tous les \u00e9l\u00e9ments de provenance, de pr\u00e9paration, de conservation, et des \u00e9ventuelles destinations. Le [&hellip;]","og_url":"http:\/\/cryanim.vetagro-sup.fr\/index.php\/gestion-des-donnees\/","og_site_name":"CRB CryAnim","article_publisher":"https:\/\/www.facebook.com\/VetAgroSup\/","article_modified_time":"2023-07-05T19:29:48+00:00","twitter_card":"summary_large_image","twitter_misc":{"Dur\u00e9e de lecture estim\u00e9e":"2 minutes"},"schema":{"@context":"https:\/\/schema.org","@graph":[{"@type":"WebPage","@id":"http:\/\/cryanim.vetagro-sup.fr\/index.php\/gestion-des-donnees\/","url":"http:\/\/cryanim.vetagro-sup.fr\/index.php\/gestion-des-donnees\/","name":"Gestion des donn\u00e9es - CRB CryAnim","isPartOf":{"@id":"http:\/\/cryanim.vetagro-sup.fr\/#website"},"datePublished":"2018-04-21T14:44:00+00:00","dateModified":"2023-07-05T19:29:48+00:00","breadcrumb":{"@id":"http:\/\/cryanim.vetagro-sup.fr\/index.php\/gestion-des-donnees\/#breadcrumb"},"inLanguage":"fr-FR","potentialAction":[{"@type":"ReadAction","target":["http:\/\/cryanim.vetagro-sup.fr\/index.php\/gestion-des-donnees\/"]}]},{"@type":"BreadcrumbList","@id":"http:\/\/cryanim.vetagro-sup.fr\/index.php\/gestion-des-donnees\/#breadcrumb","itemListElement":[{"@type":"ListItem","position":1,"name":"Accueil","item":"http:\/\/cryanim.vetagro-sup.fr\/"},{"@type":"ListItem","position":2,"name":"Gestion des donn\u00e9es"}]},{"@type":"WebSite","@id":"http:\/\/cryanim.vetagro-sup.fr\/#website","url":"http:\/\/cryanim.vetagro-sup.fr\/","name":"CRB CryAnim","description":"Conservons d\u00e8s aujourd\u2019hui les ressources de notre avenir","publisher":{"@id":"http:\/\/cryanim.vetagro-sup.fr\/#organization"},"potentialAction":[{"@type":"SearchAction","target":{"@type":"EntryPoint","urlTemplate":"http:\/\/cryanim.vetagro-sup.fr\/?s={search_term_string}"},"query-input":{"@type":"PropertyValueSpecification","valueRequired":true,"valueName":"search_term_string"}}],"inLanguage":"fr-FR"},{"@type":"Organization","@id":"http:\/\/cryanim.vetagro-sup.fr\/#organization","name":"CRB CryAnim","url":"http:\/\/cryanim.vetagro-sup.fr\/","logo":{"@type":"ImageObject","inLanguage":"fr-FR","@id":"http:\/\/cryanim.vetagro-sup.fr\/#\/schema\/logo\/image\/","url":"http:\/\/cryanim.vetagro-sup.fr\/wp-content\/uploads\/2019\/05\/Logo-CRB-fond-clair.png","contentUrl":"http:\/\/cryanim.vetagro-sup.fr\/wp-content\/uploads\/2019\/05\/Logo-CRB-fond-clair.png","width":5756,"height":1689,"caption":"CRB CryAnim"},"image":{"@id":"http:\/\/cryanim.vetagro-sup.fr\/#\/schema\/logo\/image\/"},"sameAs":["https:\/\/www.facebook.com\/VetAgroSup\/","https:\/\/www.linkedin.com\/school\/vetagrosup---campus-v-t-rinaire-de-lyon\/"]}]}},"_links":{"self":[{"href":"http:\/\/cryanim.vetagro-sup.fr\/index.php\/wp-json\/wp\/v2\/pages\/48","targetHints":{"allow":["GET"]}}],"collection":[{"href":"http:\/\/cryanim.vetagro-sup.fr\/index.php\/wp-json\/wp\/v2\/pages"}],"about":[{"href":"http:\/\/cryanim.vetagro-sup.fr\/index.php\/wp-json\/wp\/v2\/types\/page"}],"author":[{"embeddable":true,"href":"http:\/\/cryanim.vetagro-sup.fr\/index.php\/wp-json\/wp\/v2\/users\/1"}],"replies":[{"embeddable":true,"href":"http:\/\/cryanim.vetagro-sup.fr\/index.php\/wp-json\/wp\/v2\/comments?post=48"}],"version-history":[{"count":9,"href":"http:\/\/cryanim.vetagro-sup.fr\/index.php\/wp-json\/wp\/v2\/pages\/48\/revisions"}],"predecessor-version":[{"id":2788,"href":"http:\/\/cryanim.vetagro-sup.fr\/index.php\/wp-json\/wp\/v2\/pages\/48\/revisions\/2788"}],"wp:attachment":[{"href":"http:\/\/cryanim.vetagro-sup.fr\/index.php\/wp-json\/wp\/v2\/media?parent=48"}],"curies":[{"name":"wp","href":"https:\/\/api.w.org\/{rel}","templated":true}]}}