{"id":32,"date":"2018-04-21T16:41:48","date_gmt":"2018-04-21T14:41:48","guid":{"rendered":"http:\/\/cryanim.vetagro-sup.fr\/?page_id=32"},"modified":"2024-07-11T08:56:32","modified_gmt":"2024-07-11T06:56:32","slug":"missions","status":"publish","type":"page","link":"http:\/\/cryanim.vetagro-sup.fr\/index.php\/missions\/","title":{"rendered":"Missions"},"content":{"rendered":"<p style=\"text-align: justify;\">G\u00e9rer les collections constitu\u00e9es par les \u00e9quipes m\u00e9dicales du\u00a0Centre Hospitalier Universitaire V\u00e9t\u00e9rinaire de Marcy l&rsquo;Etoile. Le CRB\u00a0<em>CryAnim\u00a0<\/em>a aussi vocation \u00e0 h\u00e9berger\u00a0les ressources biologiques des protocoles de recherche d\u00e9velopp\u00e9s par les \u00e9quipes\u00a0cliniques, ou par des partenaires institutionnels ou du monde \u00e9conomique qui\u00a0souhaitent b\u00e9n\u00e9ficier de son infrastructure.<\/p>\n<p style=\"text-align: justify;\">R\u00e9aliser et d\u00e9velopper des prestations de service en mati\u00e8re de pr\u00e9paration,\u00a0conservation et gestion des ressources biologiques, au b\u00e9n\u00e9fice d\u2019\u00e9quipes de\u00a0recherche institutionnelles ou priv\u00e9es. L\u2019ensemble des prestations de service\u00a0propos\u00e9es est d\u00e9taill\u00e9 ci dessous.<\/p>\n<p style=\"text-align: justify;\">Respecter la l\u00e9gislation nationale relative aux activit\u00e9s de pr\u00e9paration et\u00a0conservation des ressources biologiques, \u00e0 leur utilisation (notamment la r\u00e9glementation d\u00e9coulant de la mise en place du protocole de Nagoya), et les recommandations \u00e9thiques.<\/p>\n<p style=\"text-align: justify;\">G\u00e9rer l\u2019infrastructure selon un syst\u00e8me de management de la qualit\u00e9 qui permette d\u2019am\u00e9liorer en permanence l\u2019ensemble des processus qui s\u2019\u00e9tendent de la r\u00e9ception \u00e0 la mise \u00e0 disposition des ressources, et de d\u00e9velopper les outils de leur gestion informatis\u00e9e. Ces dispositions correspondent aux exigences de les normes ISO 9001 et ISO 20237.<\/p>\n<table class=\"aligncenter\" style=\"width: 100%; border-collapse: collapse; border-style: hidden;\" border=\"1\" cellspacing=\"5px\" cellpadding=\"15px\">\n<tbody>\n<tr>\n<td style=\"width: 25%;\">\n<h5 style=\"text-align: center;\"><a href=\"http:\/\/cryanim.vetagro-sup.fr\/index.php\/conservation-securisee\/\">R\u00e9ception et traitement<\/a><\/h5>\n<p><a href=\"http:\/\/cryanim.vetagro-sup.fr\/index.php\/reception-et-traitement\/\"><img fetchpriority=\"high\" decoding=\"async\" class=\"size-medium wp-image-198 aligncenter\" src=\"http:\/\/cryanim.vetagro-sup.fr\/wp-content\/uploads\/2018\/05\/CRB-CryAnim-R\u00e9ception-300x254.png\" alt=\"\" width=\"250\" height=\"204\" \/><\/a><\/td>\n<td style=\"width: 25%;\">\n<h5 style=\"text-align: center;\"><a href=\"http:\/\/cryanim.vetagro-sup.fr\/index.php\/conservation-securisee\/\">Cryoconservation s\u00e9curis\u00e9e<\/a><\/h5>\n<p><a href=\"http:\/\/cryanim.vetagro-sup.fr\/index.php\/conservation-securisee\/\"><img decoding=\"async\" class=\"size-medium wp-image-199 aligncenter\" src=\"http:\/\/cryanim.vetagro-sup.fr\/wp-content\/uploads\/2018\/05\/CRB-CryAnim-Stockage-300x253.png\" alt=\"\" width=\"250\" height=\"204\" \/><\/a><\/td>\n<td style=\"width: 25%;\">\n<h5 style=\"text-align: center;\"><a href=\"http:\/\/cryanim.vetagro-sup.fr\/index.php\/gestion-des-donnees\/\">Gestion des donn\u00e9es<\/a><\/h5>\n<p><a href=\"http:\/\/cryanim.vetagro-sup.fr\/index.php\/gestion-des-donnees\/\"><img decoding=\"async\" class=\"size-medium wp-image-197 aligncenter\" src=\"http:\/\/cryanim.vetagro-sup.fr\/wp-content\/uploads\/2018\/05\/CRB-CryAnim-Data-300x256.png\" alt=\"\" width=\"250\" height=\"204\" \/><\/a><\/td>\n<td style=\"width: 25%;\">\n<h5 style=\"text-align: center;\"><a href=\"http:\/\/cryanim.vetagro-sup.fr\/index.php\/mise-a-disposition\/\">Mise \u00e0 disposition<\/a><\/h5>\n<p><a href=\"http:\/\/cryanim.vetagro-sup.fr\/index.php\/mise-a-disposition\/\"><img loading=\"lazy\" decoding=\"async\" class=\"size-medium wp-image-196 aligncenter\" src=\"http:\/\/cryanim.vetagro-sup.fr\/wp-content\/uploads\/2018\/05\/CRB-CryAnim-Transfert-300x254.png\" alt=\"\" width=\"250\" height=\"204\" \/><\/a><\/td>\n<\/tr>\n<\/tbody>\n<\/table>\n","protected":false},"excerpt":{"rendered":"<p>G\u00e9rer les collections constitu\u00e9es par les \u00e9quipes m\u00e9dicales du\u00a0Centre Hospitalier Universitaire V\u00e9t\u00e9rinaire de Marcy l&rsquo;Etoile. Le CRB\u00a0CryAnim\u00a0a aussi vocation \u00e0 h\u00e9berger\u00a0les ressources biologiques des protocoles de recherche d\u00e9velopp\u00e9s par les \u00e9quipes\u00a0cliniques, ou par des partenaires institutionnels ou du monde \u00e9conomique qui\u00a0souhaitent b\u00e9n\u00e9ficier de son infrastructure. R\u00e9aliser et d\u00e9velopper des prestations de service en mati\u00e8re de [&hellip;]<\/p>\n","protected":false},"author":1,"featured_media":0,"parent":0,"menu_order":0,"comment_status":"closed","ping_status":"closed","template":"","meta":{"ocean_post_layout":"","ocean_both_sidebars_style":"","ocean_both_sidebars_content_width":0,"ocean_both_sidebars_sidebars_width":0,"ocean_sidebar":"","ocean_second_sidebar":"","ocean_disable_margins":"enable","ocean_add_body_class":"","ocean_shortcode_before_top_bar":"","ocean_shortcode_after_top_bar":"","ocean_shortcode_before_header":"","ocean_shortcode_after_header":"","ocean_has_shortcode":"","ocean_shortcode_after_title":"","ocean_shortcode_before_footer_widgets":"","ocean_shortcode_after_footer_widgets":"","ocean_shortcode_before_footer_bottom":"","ocean_shortcode_after_footer_bottom":"","ocean_display_top_bar":"default","ocean_display_header":"default","ocean_header_style":"","ocean_center_header_left_menu":"","ocean_custom_header_template":"","ocean_custom_logo":0,"ocean_custom_retina_logo":0,"ocean_custom_logo_max_width":0,"ocean_custom_logo_tablet_max_width":0,"ocean_custom_logo_mobile_max_width":0,"ocean_custom_logo_max_height":0,"ocean_custom_logo_tablet_max_height":0,"ocean_custom_logo_mobile_max_height":0,"ocean_header_custom_menu":"","ocean_menu_typo_font_family":"","ocean_menu_typo_font_subset":"","ocean_menu_typo_font_size":0,"ocean_menu_typo_font_size_tablet":0,"ocean_menu_typo_font_size_mobile":0,"ocean_menu_typo_font_size_unit":"px","ocean_menu_typo_font_weight":"","ocean_menu_typo_font_weight_tablet":"","ocean_menu_typo_font_weight_mobile":"","ocean_menu_typo_transform":"","ocean_menu_typo_transform_tablet":"","ocean_menu_typo_transform_mobile":"","ocean_menu_typo_line_height":0,"ocean_menu_typo_line_height_tablet":0,"ocean_menu_typo_line_height_mobile":0,"ocean_menu_typo_line_height_unit":"","ocean_menu_typo_spacing":0,"ocean_menu_typo_spacing_tablet":0,"ocean_menu_typo_spacing_mobile":0,"ocean_menu_typo_spacing_unit":"","ocean_menu_link_color":"","ocean_menu_link_color_hover":"","ocean_menu_link_color_active":"","ocean_menu_link_background":"","ocean_menu_link_hover_background":"","ocean_menu_link_active_background":"","ocean_menu_social_links_bg":"","ocean_menu_social_hover_links_bg":"","ocean_menu_social_links_color":"","ocean_menu_social_hover_links_color":"","ocean_disable_title":"default","ocean_disable_heading":"default","ocean_post_title":"","ocean_post_subheading":"","ocean_post_title_style":"","ocean_post_title_background_color":"","ocean_post_title_background":0,"ocean_post_title_bg_image_position":"","ocean_post_title_bg_image_attachment":"","ocean_post_title_bg_image_repeat":"","ocean_post_title_bg_image_size":"","ocean_post_title_height":0,"ocean_post_title_bg_overlay":0.5,"ocean_post_title_bg_overlay_color":"","ocean_disable_breadcrumbs":"default","ocean_breadcrumbs_color":"","ocean_breadcrumbs_separator_color":"","ocean_breadcrumbs_links_color":"","ocean_breadcrumbs_links_hover_color":"","ocean_display_footer_widgets":"default","ocean_display_footer_bottom":"default","ocean_custom_footer_template":"","footnotes":""},"class_list":["post-32","page","type-page","status-publish","hentry","entry"],"yoast_head":"<!-- This site is optimized with the Yoast SEO plugin v27.6 - https:\/\/yoast.com\/product\/yoast-seo-wordpress\/ -->\n<title>Missions - CRB CryAnim<\/title>\n<meta name=\"robots\" content=\"index, follow, max-snippet:-1, max-image-preview:large, max-video-preview:-1\" \/>\n<link rel=\"canonical\" href=\"http:\/\/cryanim.vetagro-sup.fr\/index.php\/missions\/\" \/>\n<meta property=\"og:locale\" content=\"fr_FR\" \/>\n<meta property=\"og:type\" content=\"article\" \/>\n<meta property=\"og:title\" content=\"Missions - CRB CryAnim\" \/>\n<meta property=\"og:description\" content=\"G\u00e9rer les collections constitu\u00e9es par les \u00e9quipes m\u00e9dicales du\u00a0Centre Hospitalier Universitaire V\u00e9t\u00e9rinaire de Marcy l&rsquo;Etoile. Le CRB\u00a0CryAnim\u00a0a aussi vocation \u00e0 h\u00e9berger\u00a0les ressources biologiques des protocoles de recherche d\u00e9velopp\u00e9s par les \u00e9quipes\u00a0cliniques, ou par des partenaires institutionnels ou du monde \u00e9conomique qui\u00a0souhaitent b\u00e9n\u00e9ficier de son infrastructure. R\u00e9aliser et d\u00e9velopper des prestations de service en mati\u00e8re de [&hellip;]\" \/>\n<meta property=\"og:url\" content=\"http:\/\/cryanim.vetagro-sup.fr\/index.php\/missions\/\" \/>\n<meta property=\"og:site_name\" content=\"CRB CryAnim\" \/>\n<meta property=\"article:publisher\" content=\"https:\/\/www.facebook.com\/VetAgroSup\/\" \/>\n<meta property=\"article:modified_time\" content=\"2024-07-11T06:56:32+00:00\" \/>\n<meta property=\"og:image\" content=\"http:\/\/cryanim.vetagro-sup.fr\/wp-content\/uploads\/2018\/05\/CRB-CryAnim-Stockage-300x253.png\" \/>\n<meta name=\"twitter:card\" content=\"summary_large_image\" \/>\n<meta name=\"twitter:label1\" content=\"Dur\u00e9e de lecture estim\u00e9e\" \/>\n\t<meta name=\"twitter:data1\" content=\"1 minute\" \/>\n<script type=\"application\/ld+json\" class=\"yoast-schema-graph\">{\"@context\":\"https:\\\/\\\/schema.org\",\"@graph\":[{\"@type\":\"WebPage\",\"@id\":\"http:\\\/\\\/cryanim.vetagro-sup.fr\\\/index.php\\\/missions\\\/\",\"url\":\"http:\\\/\\\/cryanim.vetagro-sup.fr\\\/index.php\\\/missions\\\/\",\"name\":\"Missions - CRB CryAnim\",\"isPartOf\":{\"@id\":\"http:\\\/\\\/cryanim.vetagro-sup.fr\\\/#website\"},\"primaryImageOfPage\":{\"@id\":\"http:\\\/\\\/cryanim.vetagro-sup.fr\\\/index.php\\\/missions\\\/#primaryimage\"},\"image\":{\"@id\":\"http:\\\/\\\/cryanim.vetagro-sup.fr\\\/index.php\\\/missions\\\/#primaryimage\"},\"thumbnailUrl\":\"http:\\\/\\\/cryanim.vetagro-sup.fr\\\/wp-content\\\/uploads\\\/2018\\\/05\\\/CRB-CryAnim-Stockage-300x253.png\",\"datePublished\":\"2018-04-21T14:41:48+00:00\",\"dateModified\":\"2024-07-11T06:56:32+00:00\",\"breadcrumb\":{\"@id\":\"http:\\\/\\\/cryanim.vetagro-sup.fr\\\/index.php\\\/missions\\\/#breadcrumb\"},\"inLanguage\":\"fr-FR\",\"potentialAction\":[{\"@type\":\"ReadAction\",\"target\":[\"http:\\\/\\\/cryanim.vetagro-sup.fr\\\/index.php\\\/missions\\\/\"]}]},{\"@type\":\"ImageObject\",\"inLanguage\":\"fr-FR\",\"@id\":\"http:\\\/\\\/cryanim.vetagro-sup.fr\\\/index.php\\\/missions\\\/#primaryimage\",\"url\":\"http:\\\/\\\/cryanim.vetagro-sup.fr\\\/wp-content\\\/uploads\\\/2018\\\/05\\\/CRB-CryAnim-Stockage.png\",\"contentUrl\":\"http:\\\/\\\/cryanim.vetagro-sup.fr\\\/wp-content\\\/uploads\\\/2018\\\/05\\\/CRB-CryAnim-Stockage.png\",\"width\":356,\"height\":300},{\"@type\":\"BreadcrumbList\",\"@id\":\"http:\\\/\\\/cryanim.vetagro-sup.fr\\\/index.php\\\/missions\\\/#breadcrumb\",\"itemListElement\":[{\"@type\":\"ListItem\",\"position\":1,\"name\":\"Accueil\",\"item\":\"http:\\\/\\\/cryanim.vetagro-sup.fr\\\/\"},{\"@type\":\"ListItem\",\"position\":2,\"name\":\"Missions\"}]},{\"@type\":\"WebSite\",\"@id\":\"http:\\\/\\\/cryanim.vetagro-sup.fr\\\/#website\",\"url\":\"http:\\\/\\\/cryanim.vetagro-sup.fr\\\/\",\"name\":\"CRB CryAnim\",\"description\":\"Conservons d\u00e8s aujourd\u2019hui les ressources de notre avenir\",\"publisher\":{\"@id\":\"http:\\\/\\\/cryanim.vetagro-sup.fr\\\/#organization\"},\"potentialAction\":[{\"@type\":\"SearchAction\",\"target\":{\"@type\":\"EntryPoint\",\"urlTemplate\":\"http:\\\/\\\/cryanim.vetagro-sup.fr\\\/?s={search_term_string}\"},\"query-input\":{\"@type\":\"PropertyValueSpecification\",\"valueRequired\":true,\"valueName\":\"search_term_string\"}}],\"inLanguage\":\"fr-FR\"},{\"@type\":\"Organization\",\"@id\":\"http:\\\/\\\/cryanim.vetagro-sup.fr\\\/#organization\",\"name\":\"CRB CryAnim\",\"url\":\"http:\\\/\\\/cryanim.vetagro-sup.fr\\\/\",\"logo\":{\"@type\":\"ImageObject\",\"inLanguage\":\"fr-FR\",\"@id\":\"http:\\\/\\\/cryanim.vetagro-sup.fr\\\/#\\\/schema\\\/logo\\\/image\\\/\",\"url\":\"http:\\\/\\\/cryanim.vetagro-sup.fr\\\/wp-content\\\/uploads\\\/2019\\\/05\\\/Logo-CRB-fond-clair.png\",\"contentUrl\":\"http:\\\/\\\/cryanim.vetagro-sup.fr\\\/wp-content\\\/uploads\\\/2019\\\/05\\\/Logo-CRB-fond-clair.png\",\"width\":5756,\"height\":1689,\"caption\":\"CRB CryAnim\"},\"image\":{\"@id\":\"http:\\\/\\\/cryanim.vetagro-sup.fr\\\/#\\\/schema\\\/logo\\\/image\\\/\"},\"sameAs\":[\"https:\\\/\\\/www.facebook.com\\\/VetAgroSup\\\/\",\"https:\\\/\\\/www.linkedin.com\\\/school\\\/vetagrosup---campus-v-t-rinaire-de-lyon\\\/\"]}]}<\/script>\n<!-- \/ Yoast SEO plugin. -->","yoast_head_json":{"title":"Missions - CRB CryAnim","robots":{"index":"index","follow":"follow","max-snippet":"max-snippet:-1","max-image-preview":"max-image-preview:large","max-video-preview":"max-video-preview:-1"},"canonical":"http:\/\/cryanim.vetagro-sup.fr\/index.php\/missions\/","og_locale":"fr_FR","og_type":"article","og_title":"Missions - CRB CryAnim","og_description":"G\u00e9rer les collections constitu\u00e9es par les \u00e9quipes m\u00e9dicales du\u00a0Centre Hospitalier Universitaire V\u00e9t\u00e9rinaire de Marcy l&rsquo;Etoile. Le CRB\u00a0CryAnim\u00a0a aussi vocation \u00e0 h\u00e9berger\u00a0les ressources biologiques des protocoles de recherche d\u00e9velopp\u00e9s par les \u00e9quipes\u00a0cliniques, ou par des partenaires institutionnels ou du monde \u00e9conomique qui\u00a0souhaitent b\u00e9n\u00e9ficier de son infrastructure. R\u00e9aliser et d\u00e9velopper des prestations de service en mati\u00e8re de [&hellip;]","og_url":"http:\/\/cryanim.vetagro-sup.fr\/index.php\/missions\/","og_site_name":"CRB CryAnim","article_publisher":"https:\/\/www.facebook.com\/VetAgroSup\/","article_modified_time":"2024-07-11T06:56:32+00:00","og_image":[{"url":"http:\/\/cryanim.vetagro-sup.fr\/wp-content\/uploads\/2018\/05\/CRB-CryAnim-Stockage-300x253.png","type":"","width":"","height":""}],"twitter_card":"summary_large_image","twitter_misc":{"Dur\u00e9e de lecture estim\u00e9e":"1 minute"},"schema":{"@context":"https:\/\/schema.org","@graph":[{"@type":"WebPage","@id":"http:\/\/cryanim.vetagro-sup.fr\/index.php\/missions\/","url":"http:\/\/cryanim.vetagro-sup.fr\/index.php\/missions\/","name":"Missions - CRB CryAnim","isPartOf":{"@id":"http:\/\/cryanim.vetagro-sup.fr\/#website"},"primaryImageOfPage":{"@id":"http:\/\/cryanim.vetagro-sup.fr\/index.php\/missions\/#primaryimage"},"image":{"@id":"http:\/\/cryanim.vetagro-sup.fr\/index.php\/missions\/#primaryimage"},"thumbnailUrl":"http:\/\/cryanim.vetagro-sup.fr\/wp-content\/uploads\/2018\/05\/CRB-CryAnim-Stockage-300x253.png","datePublished":"2018-04-21T14:41:48+00:00","dateModified":"2024-07-11T06:56:32+00:00","breadcrumb":{"@id":"http:\/\/cryanim.vetagro-sup.fr\/index.php\/missions\/#breadcrumb"},"inLanguage":"fr-FR","potentialAction":[{"@type":"ReadAction","target":["http:\/\/cryanim.vetagro-sup.fr\/index.php\/missions\/"]}]},{"@type":"ImageObject","inLanguage":"fr-FR","@id":"http:\/\/cryanim.vetagro-sup.fr\/index.php\/missions\/#primaryimage","url":"http:\/\/cryanim.vetagro-sup.fr\/wp-content\/uploads\/2018\/05\/CRB-CryAnim-Stockage.png","contentUrl":"http:\/\/cryanim.vetagro-sup.fr\/wp-content\/uploads\/2018\/05\/CRB-CryAnim-Stockage.png","width":356,"height":300},{"@type":"BreadcrumbList","@id":"http:\/\/cryanim.vetagro-sup.fr\/index.php\/missions\/#breadcrumb","itemListElement":[{"@type":"ListItem","position":1,"name":"Accueil","item":"http:\/\/cryanim.vetagro-sup.fr\/"},{"@type":"ListItem","position":2,"name":"Missions"}]},{"@type":"WebSite","@id":"http:\/\/cryanim.vetagro-sup.fr\/#website","url":"http:\/\/cryanim.vetagro-sup.fr\/","name":"CRB CryAnim","description":"Conservons d\u00e8s aujourd\u2019hui les ressources de notre avenir","publisher":{"@id":"http:\/\/cryanim.vetagro-sup.fr\/#organization"},"potentialAction":[{"@type":"SearchAction","target":{"@type":"EntryPoint","urlTemplate":"http:\/\/cryanim.vetagro-sup.fr\/?s={search_term_string}"},"query-input":{"@type":"PropertyValueSpecification","valueRequired":true,"valueName":"search_term_string"}}],"inLanguage":"fr-FR"},{"@type":"Organization","@id":"http:\/\/cryanim.vetagro-sup.fr\/#organization","name":"CRB CryAnim","url":"http:\/\/cryanim.vetagro-sup.fr\/","logo":{"@type":"ImageObject","inLanguage":"fr-FR","@id":"http:\/\/cryanim.vetagro-sup.fr\/#\/schema\/logo\/image\/","url":"http:\/\/cryanim.vetagro-sup.fr\/wp-content\/uploads\/2019\/05\/Logo-CRB-fond-clair.png","contentUrl":"http:\/\/cryanim.vetagro-sup.fr\/wp-content\/uploads\/2019\/05\/Logo-CRB-fond-clair.png","width":5756,"height":1689,"caption":"CRB CryAnim"},"image":{"@id":"http:\/\/cryanim.vetagro-sup.fr\/#\/schema\/logo\/image\/"},"sameAs":["https:\/\/www.facebook.com\/VetAgroSup\/","https:\/\/www.linkedin.com\/school\/vetagrosup---campus-v-t-rinaire-de-lyon\/"]}]}},"_links":{"self":[{"href":"http:\/\/cryanim.vetagro-sup.fr\/index.php\/wp-json\/wp\/v2\/pages\/32","targetHints":{"allow":["GET"]}}],"collection":[{"href":"http:\/\/cryanim.vetagro-sup.fr\/index.php\/wp-json\/wp\/v2\/pages"}],"about":[{"href":"http:\/\/cryanim.vetagro-sup.fr\/index.php\/wp-json\/wp\/v2\/types\/page"}],"author":[{"embeddable":true,"href":"http:\/\/cryanim.vetagro-sup.fr\/index.php\/wp-json\/wp\/v2\/users\/1"}],"replies":[{"embeddable":true,"href":"http:\/\/cryanim.vetagro-sup.fr\/index.php\/wp-json\/wp\/v2\/comments?post=32"}],"version-history":[{"count":6,"href":"http:\/\/cryanim.vetagro-sup.fr\/index.php\/wp-json\/wp\/v2\/pages\/32\/revisions"}],"predecessor-version":[{"id":2835,"href":"http:\/\/cryanim.vetagro-sup.fr\/index.php\/wp-json\/wp\/v2\/pages\/32\/revisions\/2835"}],"wp:attachment":[{"href":"http:\/\/cryanim.vetagro-sup.fr\/index.php\/wp-json\/wp\/v2\/media?parent=32"}],"curies":[{"name":"wp","href":"https:\/\/api.w.org\/{rel}","templated":true}]}}